{"id":4617,"date":"2015-01-22T18:42:12","date_gmt":"2015-01-22T17:42:12","guid":{"rendered":"https:\/\/www.icasantiago.org\/?page_id=4617"},"modified":"2015-01-23T13:41:19","modified_gmt":"2015-01-23T12:41:19","slug":"organizacion-administrativa","status":"publish","type":"page","link":"https:\/\/www.icasantiago.org\/es\/el-colegio\/organizacion-administrativa\/","title":{"rendered":"Organizaci\u00f3n Administrativa"},"content":{"rendered":"<div class=\"wpb_row vc_row-fluid\">\n\t<div class=\"vc_span12 wpb_column column_container\">\n\t\t<div class=\"wpb_wrapper\">\n\t\t\t<\/p>\n<div class=\"team-list-wrapper\">\n<div class=\"team-list\">\n<div class=\"team-element\">\n<div class=\"team-element-image\"><img decoding=\"async\" src=\"https:\/\/www.icasantiago.org\/wp-content\/uploads\/2015\/03\/MANUEL-ARZA-GALAN-128x128.jpg\" alt=\"\" \/><\/div>\n<div class=\"team-element-name\">D. Manuel Arza Gal\u00e1n<\/div>\n<div class=\"team-element-position\">Secretario T\u00e9cnico-Gerente<\/div>\n<\/div>\n<div class=\"team-element\">\n<div class=\"team-element-image\"><img decoding=\"async\" src=\"https:\/\/www.icasantiago.org\/wp-content\/uploads\/2015\/01\/MartinRamosInsua-128x128.jpg\" alt=\"\" \/><\/div>\n<div class=\"team-element-name\">D. Mart\u00edn Ramos Insua<\/div>\n<div class=\"team-element-position\">Asesoramiento Ling\u00fc\u00edstico<\/div>\n<\/div>\n<div class=\"team-element\">\n<div class=\"team-element-image\"><img decoding=\"async\" src=\"https:\/\/www.icasantiago.org\/wp-content\/uploads\/2026\/03\/SKM_550i25091509160bl-128x128.png\" alt=\"\" \/><\/div>\n<div class=\"team-element-name\">D. Carlos Polo Le\u00f3n<\/div>\n<div class=\"team-element-position\">Biblioteca-Inform\u00e1tica<\/div>\n<\/div>\n<div class=\"team-element\">\n<div class=\"team-element-image\"><img decoding=\"async\" src=\"https:\/\/www.icasantiago.org\/wp-content\/uploads\/2022\/10\/Rebeca-Cotelo-128x128.jpg\" alt=\"\" \/><\/div>\n<div class=\"team-element-name\">D\u00aa Rebeca Cotelo Ramos<\/div>\n<div class=\"team-element-position\">Contabilidad<\/div>\n<\/div>\n<div class=\"team-element\">\n<div class=\"team-element-image\"><img decoding=\"async\" src=\"https:\/\/www.icasantiago.org\/wp-content\/uploads\/2026\/03\/SKM_550i25052311180-3-128x128.jpeg\" alt=\"\" \/><\/div>\n<div class=\"team-element-name\">D\u00aa Ruth Louro Lua\u00f1a<\/div>\n<div class=\"team-element-position\">Turno de oficio<\/div>\n<\/div>\n<div class=\"team-element\">\n<div class=\"team-element-image\"><img decoding=\"async\" src=\"https:\/\/www.icasantiago.org\/wp-content\/uploads\/2018\/04\/SID-2011918042511140-128x128.jpg\" alt=\"\" \/><\/div>\n<div class=\"team-element-name\">D. Jos\u00e9 Santiago Vilari\u00f1o V\u00e1zquez<\/div>\n<div class=\"team-element-position\">Juzgado &#8211; Turno de oficio<\/div>\n<\/div>\n<\/div>\n<\/div>\n<p>\n\t\t<\/div> \n\t<\/div> \n<\/div>\n","protected":false},"excerpt":{"rendered":"","protected":false},"author":1,"featured_media":0,"parent":4643,"menu_order":0,"comment_status":"open","ping_status":"open","template":"page_sidebar.php","meta":{"_acf_changed":false,"footnotes":""},"class_list":["post-4617","page","type-page","status-publish","hentry"],"acf":[],"aioseo_notices":[],"_links":{"self":[{"href":"https:\/\/www.icasantiago.org\/es\/wp-json\/wp\/v2\/pages\/4617","targetHints":{"allow":["GET"]}}],"collection":[{"href":"https:\/\/www.icasantiago.org\/es\/wp-json\/wp\/v2\/pages"}],"about":[{"href":"https:\/\/www.icasantiago.org\/es\/wp-json\/wp\/v2\/types\/page"}],"author":[{"embeddable":true,"href":"https:\/\/www.icasantiago.org\/es\/wp-json\/wp\/v2\/users\/1"}],"replies":[{"embeddable":true,"href":"https:\/\/www.icasantiago.org\/es\/wp-json\/wp\/v2\/comments?post=4617"}],"version-history":[{"count":3,"href":"https:\/\/www.icasantiago.org\/es\/wp-json\/wp\/v2\/pages\/4617\/revisions"}],"predecessor-version":[{"id":4659,"href":"https:\/\/www.icasantiago.org\/es\/wp-json\/wp\/v2\/pages\/4617\/revisions\/4659"}],"up":[{"embeddable":true,"href":"https:\/\/www.icasantiago.org\/es\/wp-json\/wp\/v2\/pages\/4643"}],"wp:attachment":[{"href":"https:\/\/www.icasantiago.org\/es\/wp-json\/wp\/v2\/media?parent=4617"}],"curies":[{"name":"wp","href":"https:\/\/api.w.org\/{rel}","templated":true}]}}