{"id":4784,"date":"2015-01-27T12:42:37","date_gmt":"2015-01-27T11:42:37","guid":{"rendered":"https:\/\/www.icasantiago.org\/?page_id=4784"},"modified":"2015-01-27T13:33:02","modified_gmt":"2015-01-27T12:33:02","slug":"informacion","status":"publish","type":"page","link":"https:\/\/www.icasantiago.org\/es\/atencion-al-ciudadano\/asistencia-juridica-gratuita\/informacion\/","title":{"rendered":"Asistencia Jur\u00eddica Gratuita: Informaci\u00f3n"},"content":{"rendered":"<div class=\"wpb_row vc_row-fluid\">\n\t<div class=\"vc_span12 wpb_column column_container\">\n\t\t<div class=\"wpb_wrapper\">\n\t\t\t<\/p>\n<div class=\"noscript accordion closed\">\n<h5>Atenci\u00f3n al ciudadano<\/h5>\n<div>\n\t<div class=\"wpb_text_column wpb_content_element \">\n\t\t<div class=\"wpb_wrapper\">\n\t\t\t<p>Si carece de bienes suficientes para iniciar un juicio o para defenderse en un procedimiento iniciado contra Usted, le informamos a continuaci\u00f3n de los requisitos y pasos que debe seguir para acceder a la justicia gratuita.<\/p>\n\n\t\t<\/div> \n\t<\/div> <\/div>\n<\/div>\n<div class=\"loading\"><\/div>\n<div class=\"noscript accordion closed\">\n<h5>\u00bfEn qu\u00e9 consiste la Asistencia Jur\u00eddica Gratuita (AJG)?<\/h5>\n<div>\n\t<div class=\"wpb_text_column wpb_content_element \">\n\t\t<div class=\"wpb_wrapper\">\n\t\t\t<p>Es el conjunto de prestaciones necesarias para intervenir en el procedimiento judicial (abono de honorarios de abogado y derechos de procurador, asesoramiento jur\u00eddico gratuito, etc.) que garantizan el derecho a la justicia gratuita respecto de los\/las ciudadanos\/a las que acrediten insuficiencia de recursos econ\u00f3micos para litigar, es decir, para acudir a juicio en defensa de un derecho o inter\u00e9s leg\u00edtimo.<\/p>\n\n\t\t<\/div> \n\t<\/div> <\/div>\n<\/div>\n<div class=\"loading\"><\/div>\n<div class=\"noscript accordion closed\">\n<h5>\u00bfQu\u00e9 ciudadanos tienen derecho a AJG?<\/h5>\n<div>\n\t<div class=\"wpb_text_column wpb_content_element \">\n\t\t<div class=\"wpb_wrapper\">\n\t\t\t<ul>\n<li>Los ciudadanos nacionales o extranjeros con residencia legal en Espa\u00f1a con unos recursos e ingresos econ\u00f3micos computados, como regla general, anualmente por todos los conceptos y por unidad familiar, que no superen al doble del salario m\u00ednimo interprofesional vigente en el momento de hacer la solicitud.<\/li>\n<li>Los extranjeros sin residencia legal en Espa\u00f1a que acrediten insuficiencia de recursos en el proceso penal y en los procesos relativos a la solicitud de asilo y en los procedimientos administrativos y judiciales que puedan llevar a la denegaci\u00f3n de su entrada, devoluci\u00f3n o expulsi\u00f3n del territorio espa\u00f1ol.<\/li>\n<li>Los trabajadores y los beneficiarios del sistema de Seguridad Social en la jurisdicci\u00f3n social.<br \/>\nEl salario m\u00ednimo interprofesional lo fija anualmente el Gobierno.<\/li>\n<\/ul>\n\n\t\t<\/div> \n\t<\/div><\/div>\n<\/div>\n<div class=\"loading\"><\/div>\n<div class=\"noscript accordion closed\">\n<h5>Para comprobar que el\/a solicitante no tiene recursos suficientes se valoran:<\/h5>\n<div>\n\t<div class=\"wpb_text_column wpb_content_element \">\n\t\t<div class=\"wpb_wrapper\">\n\t\t\t<ul>\n<li>Las rentas y otros bienes patrimoniales o circunstancias que se declaren.<\/li>\n<li>Los signos externos que manifiesten su capacidad econ\u00f3mica real e indiquen si dispone de medios econ\u00f3micos suficientes (por ejemplo: tipo de vivienda, coche, bienes de lujo y de recreo, ingresos importantes no declarados, propiedad de bienes inmuebles de valor suficiente, etc.).<\/li>\n<\/ul>\n<p><em>(Ser propietario de la vivienda en la que se reside habitualmente no impedir\u00e1 el reconocimiento de este derecho, siempre que no sea lujosa.)<\/em><\/p>\n\n\t\t<\/div> \n\t<\/div> <\/div>\n<\/div>\n<div class=\"loading\"><\/div>\n<div class=\"noscript accordion closed\">\n<h5>Reconocimiento excepcional<\/h5>\n<div>\n\t<div class=\"wpb_text_column wpb_content_element \">\n\t\t<div class=\"wpb_wrapper\">\n\t\t\t<p>A las personas con unos recursos e ingresos que superen al doble del salario m\u00ednimo interprofesional pero que no excedan del cu\u00e1druplo de dicho salario en atenci\u00f3n a las circunstancias familiares, en \u00ba de hijos o familiares a su cargo, estado de salud, obligaciones econ\u00f3micas, costes derivados de la iniciaci\u00f3n del proceso u otras de an\u00e1loga naturaleza.<\/p>\n<p>En estos casos, la Comisi\u00f3n de Asistencia Jur\u00eddica Gratuita determinar\u00e1 expresamente los beneficios y en qu\u00e9 proporci\u00f3n le son aplicados al solicitante.<\/p>\n<p><strong>Insuficiencia econ\u00f3mica sobrevenida.<\/strong><\/p>\n<p>Si durante la tramitaci\u00f3n del procedimiento disminuyen sus recursos o ingresos econ\u00f3micos, situ\u00e1ndose dentro de los l\u00edmites fijados en la ley antes indicados para beneficiarse de la justicia gratuita, deber\u00e1 dirigirse a la Comisi\u00f3n de Asistencia Jur\u00eddica Gratuita para exponer tal circunstancia, junto con la solicitud de Justicia Gratuita.<\/p>\n<p>La AJG s\u00f3lo se les podr\u00e1 reconocer a los que litiguen en defensa de derechos o intereses propios.<\/p>\n\n\t\t<\/div> \n\t<\/div><\/div>\n<\/div>\n<div class=\"loading\"><\/div>\n<div class=\"noscript accordion closed\">\n<h5>\u00bfC\u00f3mo solicitarla?<\/h5>\n<div>\n\t<div class=\"wpb_text_column wpb_content_element \">\n\t\t<div class=\"wpb_wrapper\">\n\t\t\t<p>Mediante el modelo de solicitud que puede obtener en los servicios de orientaci\u00f3n jur\u00eddica de los colegios de abogados, en los juzgados y gerencias territoriales del Ministerio de Justicia o dependencias de las administraciones auton\u00f3micas con competencias en la materia, o delegaciones de gobierno o gobiernos civiles.<\/p>\n<p>Con esta solicitud deber\u00e1 acercarse una fotocopia del DNI o pasaporte, o tarjeta de residencia en caso de ser extranjero, y los documentos acreditativos de los ingresos y bienes que justifiquen su derecho a percibir la Asistencia Jur\u00eddica Gratuita que se detalla en el impreso.<\/p>\n\n\t\t<\/div> \n\t<\/div><\/div>\n<\/div>\n<div class=\"loading\"><\/div>\n<div class=\"noscript accordion closed\">\n<h5>\u00bfD\u00f3nde presentar la solicitud?<\/h5>\n<div>\n\t<div class=\"wpb_text_column wpb_content_element \">\n\t\t<div class=\"wpb_wrapper\">\n\t\t\t<ol>\n<li>En los servicios de orientaci\u00f3n jur\u00eddica del colegio de abogados del lugar en que se encuentre el juzgado o tribunal que tramite el procedimiento que solicita.<\/li>\n<li>Ante el juzgado del domicilio del solicitante, si el proceso no se inici\u00f3. En este caso, el juzgado har\u00e1 traslado de la petici\u00f3n al colegio de abogados que corresponda.<\/li>\n<\/ol>\n<p>Si en el plazo de quince d\u00edas no si dicha resoluci\u00f3n sobre su solicitud, puede reiterarla.<\/p>\n\n\t\t<\/div> \n\t<\/div><\/div>\n<\/div>\n<div class=\"loading\"><\/div>\n<div class=\"noscript accordion closed\">\n<h5>Tr\u00e1mites<\/h5>\n<div>\n\t<div class=\"wpb_text_column wpb_content_element \">\n\t\t<div class=\"wpb_wrapper\">\n\t\t\t<p>La suya tramitaci\u00f3n y resoluci\u00f3n le corresponde a la Comisi\u00f3n de Justicia Gratuita.<\/p>\n<ul>\n<li>Los servicios de orientaci\u00f3n jur\u00eddica de los colegios de abogados examinar\u00e1n la documentaci\u00f3n presentada y, si fuera insuficiente o si se apreciaran defectos en la solicitud, se le conceder\u00e1 al solicitante un plazo de 10 d\u00edas para enmendarlos. Si no se enmiendan, se archivar\u00e1 la petici\u00f3n.<\/li>\n<li>Una vez emitida la solicitud, el colegio de abogados designar\u00e1 provisionalmente un abogado y, si fuera preceptiva la intervenci\u00f3n de procurador, lo comunicar\u00e1 al colegio de procuradores para que en los tres d\u00edas siguientes lo designe.<\/li>\n<li>Una vez efectuadas las comprobaciones pertinentes y solicitadas las informaciones que considere necesarias para verificar la exactitud y realidad de los datos declarados por el solicitante, la Comisi\u00f3n de Asistencia Jur\u00eddica Gratuita dicha una resoluci\u00f3n por la que reconoce o deniega el derecho a la Asistencia Jur\u00eddica Gratuita.<\/li>\n<li>Si se le reconoce el derecho: confirma los nombramientos provisionales de abogado y procurador o les comunica a los respectivos colegios profesionales dicha resoluci\u00f3n para su nombramiento.<\/li>\n<li>Si no se le reconoce el derecho: se dejan sin efectos las designaciones provisionales y el solicitante deber\u00e1 designar abogado y procurador de su libre elecci\u00f3n y deber\u00e1 abonar los honorarios y derechos generados hasta ese momento.<\/li>\n<\/ul>\n\n\t\t<\/div> \n\t<\/div><\/div>\n<\/div>\n<div class=\"loading\"><\/div>\n<div class=\"noscript accordion closed\">\n<h5>Pretensi\u00f3n insostenible<\/h5>\n<div>\n\t<div class=\"wpb_text_column wpb_content_element \">\n\t\t<div class=\"wpb_wrapper\">\n\t\t\t<p>Si el\/a abogado\/a designado\/la para la defensa considera que el pleito o causa que el ciudadano pretende iniciar es insostenible, es decir, no tiene defensa posible ante los tribunales, se iniciar\u00e1 un procedimiento ante la Comisi\u00f3n de Asistencia Jur\u00eddica Gratuita con intervenci\u00f3n del\/la fiscal y del colegio de abogados para determinar:<\/p>\n<ul>\n<li>Si se nombra un nuevo abogado que estar\u00e1 obligado a defenderlo.<\/li>\n<li>O si se deniega la prestaci\u00f3n por insostenibilidad de la pretensi\u00f3n.<\/li>\n<\/ul>\n\n\t\t<\/div> \n\t<\/div><\/div>\n<\/div>\n<div class=\"loading\"><\/div>\n<div class=\"noscript accordion closed\">\n<h5>Prestaciones<\/h5>\n<div>\n\t<div class=\"wpb_text_column wpb_content_element \">\n\t\t<div class=\"wpb_wrapper\">\n\t\t\t<p>Asesoramiento y orientaci\u00f3n al detenido o preso que no lo designara.<\/p>\n<p>Asistencia de abogado al detenido o preso que no lo designara.<\/p>\n<p>Defensa y representaci\u00f3n gratuitas por abogado y procurador en el procedimiento judicial cuando:<\/p>\n<ul>\n<li>Su intervenci\u00f3n sea preceptiva.<\/li>\n<li>No si\u00e9ndolo, sea requerida expresamente por el juzgado o tribunal mediante auto para garantizar la igualdad de las partes en el proceso.<\/li>\n<\/ul>\n<p>Inserci\u00f3n gratuita de anuncios o edictos en jornales oficiales.<\/p>\n<p>Asistencia pericial gratuita.<\/p>\n<p>Obtenci\u00f3n gratuita de copias, testimonios, instrumentos y actas notariales.<\/p>\n<p>Reducci\u00f3n del coste para la obtenci\u00f3n de escrituras y documentos notariales y de aquellos documentos emanados de los registros p\u00fablicos que precisen las partes en el proceso.<\/p>\n<p>Exenci\u00f3n del pago de dep\u00f3sitos necesarios para la interposici\u00f3n de recursos.<\/p>\n\n\t\t<\/div> \n\t<\/div><\/div>\n<\/div>\n<div class=\"loading\"><\/div>\n<div class=\"noscript accordion closed\">\n<h5>Recursos<\/h5>\n<div>\n\t<div class=\"wpb_text_column wpb_content_element \">\n\t\t<div class=\"wpb_wrapper\">\n\t\t\t<p>La resoluci\u00f3n, tanto si reconoce el derecho como si lo deniega, podr\u00e1 ser impugnada:<\/p>\n<ul>\n<li>Por escrito motivado (exponiendo las razones o motivos).<\/li>\n<li>En el plazo de cinco d\u00edas desde la notificaci\u00f3n.<\/li>\n<li>No si precisa la intervenci\u00f3n de abogado\/a.<\/li>\n<li>Ante el\/a secretario\/la de la Comisi\u00f3n de Asistencia Jur\u00eddica Gratuita.<\/li>\n<li>El escrito y el expediente se remiten al juzgado o tribunal, que:\n<ul>\n<li>Lo citar\u00e1 para una comparecencia en la que le oir\u00e1 y practicar\u00e1 prueba.<\/li>\n<li>Dictar\u00e1 una resoluci\u00f3n que mantendr\u00e1 o revocar\u00e1 la resoluci\u00f3n impugnada.<\/li>\n<\/ul>\n<\/li>\n<\/ul>\n<p>Contra esta resoluci\u00f3n (auto) no cabe recurso.<\/p>\n\n\t\t<\/div> \n\t<\/div><\/div>\n<\/div>\n<div class=\"loading\"><\/div>\n<div class=\"noscript accordion closed\">\n<h5>\u00c1mbito de aplicaci\u00f3n<\/h5>\n<div>\n\t<div class=\"wpb_text_column wpb_content_element \">\n\t\t<div class=\"wpb_wrapper\">\n\t\t\t<p>La AJG se extiende a todos los tr\u00e1mites e incidencias en todo tipo de procesos, incluidos los recursos de amparo constitucional, as\u00ed como la ejecuci\u00f3n de la moraleja y el asesoramiento previo a la iniciaci\u00f3n del proceso.<\/p>\n<p>El abogado y procurador designados para su asistencia y representaci\u00f3n deber\u00e1n desempe\u00f1ar su funci\u00f3n de forma real y efectiva durante el proceso hasta su remate, incluidos, si es el caso, los tr\u00e1mites de la ejecuci\u00f3n de la moraleja o resoluci\u00f3n que le d\u00e9 fin, siempre que dichos tr\u00e1mites tengan lugar dentro de los dos a\u00f1os siguientes a la resoluci\u00f3n judicial dictada en primera instancia.<\/p>\n<p>Si transcurriesen esos dos a\u00f1os, deber\u00e1 solicitar de nuevo la Asistencia Jur\u00eddica Gratuita.<\/p>\n\n\t\t<\/div> \n\t<\/div><\/div>\n<\/div>\n<div class=\"loading\"><\/div>\n<div class=\"noscript accordion closed\">\n<h5>Suspensi\u00f3n del curso del proceso<\/h5>\n<div>\n\t<div class=\"wpb_text_column wpb_content_element \">\n\t\t<div class=\"wpb_wrapper\">\n\t\t\t<p>Con el fin de garantizar el derecho de defensa, el juez, por s\u00ed incluso o por pedimento de las partes, puede acordar la suspensi\u00f3n de los tr\u00e1mites del proceso hasta que se le nombre abogado y procurador de oficio al solicitante de la AJG.<\/p>\n\n\t\t<\/div> \n\t<\/div> <\/div>\n<\/div>\n<div class=\"loading\"><\/div>\n<p>\n\t\t<\/div> \n\t<\/div> \n<\/div>\n","protected":false},"excerpt":{"rendered":"","protected":false},"author":1,"featured_media":0,"parent":4739,"menu_order":0,"comment_status":"open","ping_status":"open","template":"page_sidebar.php","meta":{"_acf_changed":false,"footnotes":""},"class_list":["post-4784","page","type-page","status-publish","hentry"],"acf":[],"aioseo_notices":[],"_links":{"self":[{"href":"https:\/\/www.icasantiago.org\/es\/wp-json\/wp\/v2\/pages\/4784","targetHints":{"allow":["GET"]}}],"collection":[{"href":"https:\/\/www.icasantiago.org\/es\/wp-json\/wp\/v2\/pages"}],"about":[{"href":"https:\/\/www.icasantiago.org\/es\/wp-json\/wp\/v2\/types\/page"}],"author":[{"embeddable":true,"href":"https:\/\/www.icasantiago.org\/es\/wp-json\/wp\/v2\/users\/1"}],"replies":[{"embeddable":true,"href":"https:\/\/www.icasantiago.org\/es\/wp-json\/wp\/v2\/comments?post=4784"}],"version-history":[{"count":7,"href":"https:\/\/www.icasantiago.org\/es\/wp-json\/wp\/v2\/pages\/4784\/revisions"}],"predecessor-version":[{"id":4791,"href":"https:\/\/www.icasantiago.org\/es\/wp-json\/wp\/v2\/pages\/4784\/revisions\/4791"}],"up":[{"embeddable":true,"href":"https:\/\/www.icasantiago.org\/es\/wp-json\/wp\/v2\/pages\/4739"}],"wp:attachment":[{"href":"https:\/\/www.icasantiago.org\/es\/wp-json\/wp\/v2\/media?parent=4784"}],"curies":[{"name":"wp","href":"https:\/\/api.w.org\/{rel}","templated":true}]}}