{"id":4792,"date":"2015-01-27T13:35:09","date_gmt":"2015-01-27T12:35:09","guid":{"rendered":"https:\/\/www.icasantiago.org\/?page_id=4792"},"modified":"2024-04-12T13:39:54","modified_gmt":"2024-04-12T11:39:54","slug":"servicio-de-orientacion-juridica-soj","status":"publish","type":"page","link":"https:\/\/www.icasantiago.org\/es\/atencion-al-ciudadano\/asistencia-juridica-gratuita\/servicio-de-orientacion-juridica-soj\/","title":{"rendered":"Servicio de Orientaci\u00f3n Jur\u00eddica (SOJ)"},"content":{"rendered":"<div class=\"wpb_row vc_row-fluid\">\n\t<div class=\"vc_span12 wpb_column column_container\">\n\t\t<div class=\"wpb_wrapper\">\n\t\t\t\n\t<div class=\"wpb_text_column wpb_content_element \">\n\t\t<div class=\"wpb_wrapper\">\n\t\t\t<p>El Servicio de Orientaci\u00f3n Jur\u00eddica (SOJ) del Colegio de Abogados de Santiago fue creado con la finalidad de asistir y asesorar a todos aquellos ciudadanos que tienen derecho al beneficio de Asistencia Jur\u00eddica Gratuita (AJG), seg\u00fan lo establecido en la Ley 1\/96 del 10 de enero y por el Decreto 146\/97 del 22 de mayo, por el que se aprueba el reglamento de asistencia jur\u00eddica gratuita de la CCAA de Galicia.<\/p>\n<p>Este Servicio de Orientaci\u00f3n Jur\u00eddica es atendido por el personal administrativo del Colegio.<\/p>\n<p><strong>Sus funciones son:<\/strong><\/p>\n<ul>\n<li>Informar a los\/a las solicitante de la documentaci\u00f3n y requisitos necesarios para poder solicitar el dicho beneficio.<\/li>\n<li>Recogida de la solicitud y documentaci\u00f3n.<\/li>\n<li>Asesoramiento al\/a la solicitante para facilitarle la tarea de cubrir el formulario de solicitud.<\/li>\n<li>Comprobar que la solicitud cumple los requisitos exigidos por la ley.<\/li>\n<li>Finalmente, si la pretensi\u00f3n es viable, el\/a solicitante cumple todos los requisitos exigidos y la comisi\u00f3n informa favorablemente, se designar\u00e1 uno\/una abogado\/la provisionalmente y se remitir\u00e1 el expediente a la Comisi\u00f3n Provincial de Asistencia Jur\u00eddica Gratuita para su aprobaci\u00f3n definitiva.<\/li>\n<\/ul>\n<p><strong>Tr\u00e1mites que se deben seguir:<\/strong><\/p>\n<ul>\n<li>Entrega de la solicitud y documentaci\u00f3n requeridas.<\/li>\n<li>Entrevista con los letrados del SOJ.<\/li>\n<li>Designaci\u00f3n provisional de letrado o denegaci\u00f3n.<\/li>\n<li>Remisi\u00f3n del expediente a la Comisi\u00f3n Provincial (AJG).<\/li>\n<li>Reconocimiento del beneficio de asistencia jur\u00eddica gratuita por la Comisi\u00f3n Provincial o denegaci\u00f3n.<\/li>\n<li>En el caso de denegaci\u00f3n puede recurrirse en el plazo de 5 d\u00edas ante la dicha Comisi\u00f3n Provincial.<\/li>\n<\/ul>\n<p><strong>Documentaci\u00f3n y requisitos exigidos:<\/strong><\/p>\n<p>a) Requisitos Econ\u00f3micos.<\/p>\n<ul>\n<li>Tener unos ingresos brutos anuales inferiores a la cantidad de 14.400,00 \u20ac\/a\u00f1o cuando se trate de personas no integradas en ninguna unidad familiar<\/li>\n<li>Ter unos ingresos brutos anuales inferiores a la cantidad de 18.000,00 \u20ac\/a\u00f1o cuando se trate de personas integradas en alguna de las modalidades de unidad familiar con menos de cuatro miembros<\/li>\n<li>Tener unos ingresos brutos anuales inferiores a la cantidad de 21.600,00 \u20ac\/a\u00f1o cuando se trate de unidades familiares integradas por cuatro o m\u00e1s miembros<\/li>\n<\/ul>\n<p>b) Documentos que se deben acompa\u00f1ar a la solicitud de Asistencia Jur\u00eddica Gratuita.<\/p>\n<ul>\n<li>Fotocopia de la declaraci\u00f3n de la renta del \u00faltimo a\u00f1o o, de ser el caso, certificaci\u00f3n negativa acreditativa que expide la Delegaci\u00f3n de Hacienda.<\/li>\n<li>Certificaci\u00f3n de Hacienda sobre la Declaraci\u00f3n del Patrimonio.<\/li>\n<li>Certificaci\u00f3n del Ayuntamiento del Catastro.<\/li>\n<li>Certificaci\u00f3n del Ayuntamiento del Impuesto de Actividades Econ\u00f3micas (IAE).<\/li>\n<li>Fotocopia del recibo de alquiler.<\/li>\n<li>Fotocopia del libro de familia<\/li>\n<li>N\u00f3mina del \u00faltimo mes o certificaci\u00f3n del INEM acreditativa de estar en situaci\u00f3n de desempleo o de percepci\u00f3n de prestaciones, de ser el caso.<\/li>\n<li>En el caso de pensionistas, certificaci\u00f3n del INSS de las prestaciones que percibe.<\/li>\n<li>Declaraci\u00f3n jurada de ingresos (en caso de no tener n\u00f3mina).<\/li>\n<li>Informe de Vida Laboral que expide la Tesorer\u00eda de la Seguridad Social.<\/li>\n<li>Sentencia de separaci\u00f3n o divorcio y convenio regulador, en caso de que solicite, abogado\/la para el divorcio o separaci\u00f3n.<\/li>\n<li>Fotocopia del DNI.<\/li>\n<\/ul>\n<p><strong>Horarios:<\/strong><\/p>\n<ul>\n<li>Entrega de solicitudes: de lunes a viernes de 9:00 a 13:30 horas.<\/li>\n<\/ul>\n<p><strong>Tel\u00e9fono:<\/strong> 981 581 713<\/p>\n<p>&nbsp;<\/p>\n<p><strong>ASISTENCIA JUR\u00cdDICA GRATUITA<\/strong><\/p>\n<p><strong>SERVICIO DE ORIENTACI\u00d3N JUR\u00cdDICA DEL ILUSTRE COLEGIO DE LA ABOGAC\u00cdA DE SANTIAGO<\/strong><\/p>\n<ul>\n<li><strong>R\/ Eduardo Pondal, 4 bajo<\/strong><\/li>\n<li><strong>Tel\u00e9fono: 981 581 713<\/strong><\/li>\n<li><strong>Santiago de Compostela<\/strong><\/li>\n<\/ul>\n\n\t\t<\/div> \n\t<\/div> \n\t\t<\/div> \n\t<\/div> \n<\/div>\n","protected":false},"excerpt":{"rendered":"...","protected":false},"author":1,"featured_media":0,"parent":4739,"menu_order":0,"comment_status":"open","ping_status":"open","template":"page_sidebar.php","meta":{"_acf_changed":false,"footnotes":""},"class_list":["post-4792","page","type-page","status-publish","hentry"],"acf":[],"aioseo_notices":[],"_links":{"self":[{"href":"https:\/\/www.icasantiago.org\/es\/wp-json\/wp\/v2\/pages\/4792","targetHints":{"allow":["GET"]}}],"collection":[{"href":"https:\/\/www.icasantiago.org\/es\/wp-json\/wp\/v2\/pages"}],"about":[{"href":"https:\/\/www.icasantiago.org\/es\/wp-json\/wp\/v2\/types\/page"}],"author":[{"embeddable":true,"href":"https:\/\/www.icasantiago.org\/es\/wp-json\/wp\/v2\/users\/1"}],"replies":[{"embeddable":true,"href":"https:\/\/www.icasantiago.org\/es\/wp-json\/wp\/v2\/comments?post=4792"}],"version-history":[{"count":8,"href":"https:\/\/www.icasantiago.org\/es\/wp-json\/wp\/v2\/pages\/4792\/revisions"}],"predecessor-version":[{"id":11426,"href":"https:\/\/www.icasantiago.org\/es\/wp-json\/wp\/v2\/pages\/4792\/revisions\/11426"}],"up":[{"embeddable":true,"href":"https:\/\/www.icasantiago.org\/es\/wp-json\/wp\/v2\/pages\/4739"}],"wp:attachment":[{"href":"https:\/\/www.icasantiago.org\/es\/wp-json\/wp\/v2\/media?parent=4792"}],"curies":[{"name":"wp","href":"https:\/\/api.w.org\/{rel}","templated":true}]}}