{"id":6082,"date":"2015-07-17T12:50:24","date_gmt":"2015-07-17T10:50:24","guid":{"rendered":"https:\/\/www.icasantiago.org\/?page_id=6082"},"modified":"2023-05-08T11:46:12","modified_gmt":"2023-05-08T09:46:12","slug":"lexnet","status":"publish","type":"page","link":"https:\/\/www.icasantiago.org\/es\/servicios-al-colegiado\/lexnet\/","title":{"rendered":"LEXNET"},"content":{"rendered":"<div class=\"wpb_row vc_row-fluid\"><\/div>\n\t<div class=\"vc_span12 wpb_column column_container\">\n\t\t<div class=\"wpb_wrapper\">\n\t\t\t\n\t\t<\/div> \n\t<\/div>\n<p style=\"text-align: justify;\">El ministro de Justicia ha anunciado que a partir del<strong> 1 de enero de 2016, los profesionales de la Justicia y \u00f3rganos judiciales estar\u00e1n obligados a emplear los sistemas telem\u00e1ticos existentes en la Administraci\u00f3n de Justicia para la presentaci\u00f3n de escritos y documentos y la realizaci\u00f3n de actos de comunicaci\u00f3n procesal<\/strong>, lo que significa que en esa fecha, el abogado deber\u00e1 asumir como una obligaci\u00f3n m\u00e1s el compromiso de acceso o consulta al sistema de notificaciones a trav\u00e9s de Lexnet, utilizando su tarjeta ACA que le acredita como letrado.<\/p>\n<ul>\n<li style=\"text-align: justify;\"><strong><a href=\"https:\/\/lexnetjusticia.gob.es\/manuales\" target=\"_blank\">Manuales y consultas LexNET Justicia<\/a><\/strong><\/li>\n<li style=\"text-align: justify;\"><a href=\"https:\/\/lexnetjusticia.gob.es\/justificantes-lexnet\" target=\"_blank\"><strong>Justificantes de anomal\u00edas en la presentaci\u00f3n del servicio Lexnet<\/strong><\/a><\/li>\n<li><strong><a href=\"http:\/\/lexnetjusticia.gob.es\/web\/guest\/manuales?_documentosCategorizados_WAR_lexnetportlet_formDate=1485344997299&amp;p_p_id=documentosCategorizados_WAR_lexnetportlet&amp;p_p_lifecycle=0&amp;p_p_state=normal&amp;p_p_mode=view&amp;p_p_col_id=column-1&amp;p_p_col_count=1&amp;_documentosCategorizados_WAR_lexnetportlet_combo_1=336628&amp;_documentosCategorizados_WAR_lexnetportlet_combo_2=336629&amp;_documentosCategorizados_WAR_lexnetportlet_combo_3=336633&amp;_documentosCategorizados_WAR_lexnetportlet_combo_4=0&amp;_documentosCategorizados_WAR_lexnetportlet_combo_5=0\" target=\"_blank\">Manuales y gu\u00edas de uso<\/a><\/strong><\/li>\n<li><strong><a href=\"http:\/\/lexnetjusticia.gob.es\/web\/guest\/justificantes-lexnet\" target=\"_blank\">Justificantes<\/a><\/strong><\/li>\n<li><strong><a href=\"http:\/\/lexnetjusticia.gob.es\/web\/guest\/contactolexnet\" target=\"_blank\">Soporte al usuario<\/a><\/strong><\/li>\n<li><strong>Normativa<\/strong>\n<ul class=\"msite-nav lexnet-abogacia-nav\">\n<li><a href=\"https:\/\/www.icasantiago.org\/wp-content\/uploads\/2015\/11\/ley_18_2011.pdf\">Ley 18\/2011, del 5 de julio, reguladora del uso de las tecnolog\u00edas de la informaci\u00f3n y de la comunicaci\u00f3n en la Administraci\u00f3n de justicia<\/a><\/li>\n<li><a href=\"https:\/\/www.icasantiago.org\/wp-content\/uploads\/2015\/12\/BOE-A-2015-12999.pdf\">Real Decreto 1065\/2015, de 27 de noviembre, sobre comunicaciones electr\u00f3nicas en la Administraci\u00f3n de Justicia en el \u00e1mbito territorial del Ministerio de Justicia y por el que se regula el sistema LexNET<\/a><\/li>\n<li><a href=\"https:\/\/www.icasantiago.org\/wp-content\/uploads\/2015\/12\/ley_42_2015.pdf\">Ley 42\/2015, de 5 de octubre, de reforma de la Ley 1\/2000, de 7 de enero, de enjuiciamiento civil<\/a><\/li>\n<\/ul>\n<\/li>\n<\/ul>\n<ul>\n<li><strong>Instrucciones y protocolo del Tribunal Superior de Justicia de Galicia<\/strong>\n<ul class=\"msite-nav lexnet-abogacia-nav\">\n<li><a href=\"https:\/\/www.icasantiago.org\/wp-content\/uploads\/2015\/12\/Instruc_6-2014_protocolo_actuacion_presentacion_telematica_escritos.pdf\" target=\"_blank\">Protocolo y instrucciones 6\/2014<\/a><\/li>\n<li><a href=\"https:\/\/www.icasantiago.org\/wp-content\/uploads\/2015\/12\/INSTRC_03-15.pdf\" target=\"_blank\">Instrucciones 03\/2015<\/a><\/li>\n<li><a href=\"https:\/\/www.icasantiago.org\/wp-content\/uploads\/2015\/12\/INSTRUCCION-12-2015.pdf\" target=\"_blank\">Instrucciones 12\/2015<\/a><\/li>\n<li><a href=\"https:\/\/www.icasantiago.org\/wp-content\/uploads\/2016\/01\/instruccion_1_16_ampliando_lexnet_penal.pdf\">Instrucci\u00f3n 1\/2016, de 04 de enero, ampliatoria de la funcionalidad del sistema LEXNET a la jurisdicci\u00f3n penal<\/a><\/li>\n<li><a href=\"https:\/\/www.icasantiago.org\/wp-content\/uploads\/2016\/01\/lexnet_importante.pdf\" target=\"_blank\">Circular 01\/2016, del Tribunal Superior de Justicia de Galicia<\/a><\/li>\n<\/ul>\n<\/li>\n<\/ul>\n<ul>\n<li><strong>Anexos protocolo TSXG<\/strong>\n<ul class=\"msite-nav lexnet-abogacia-nav\">\n<li><a href=\"https:\/\/www.icasantiago.org\/wp-content\/uploads\/2015\/12\/ANEXO-I.doc\" target=\"_blank\">ANEXO I &#8211; \u00cdndice de documentos anexos que se remiten telem\u00e1ticamente<\/a><\/li>\n<li><a href=\"https:\/\/www.icasantiago.org\/wp-content\/uploads\/2015\/12\/ANEXO-II.doc\" target=\"_blank\">ANEXO II &#8211; Modelo para la presentaci\u00f3n de documentos en papel<\/a><\/li>\n<li><a href=\"https:\/\/www.icasantiago.org\/wp-content\/uploads\/2015\/12\/ANEXO-III.doc\" target=\"_blank\">ANEXO III &#8211; Modelo para la presentaci\u00f3n, en la oficina de registro y reparto de las copias de los escritos iniciadores\/no iniciadores y documentos para su traslado a las dem\u00e1s partes<\/a><\/li>\n<li><a href=\"https:\/\/www.icasantiago.org\/wp-content\/uploads\/2015\/12\/ANEXO-IV.doc\" target=\"_blank\">ANEXO IV &#8211; \u00cdndice que habr\u00e1 que acompa\u00f1ar a las copias de documentos<\/a><\/li>\n<\/ul>\n<\/li>\n<\/ul>\n<ul>\n<li><strong><a href=\"https:\/\/www.icasantiago.org\/wp-content\/uploads\/2016\/01\/indice_presentacion_escritos.zip\" target=\"_blank\">Nuevo formulario \u00edndice de presentaci\u00f3n de escritos LEXNET (Resoluci\u00f3n 15\/12\/2015)<\/a><\/strong><\/li>\n<\/ul>\n<ul>\n<li><strong>Programa de firma de documentos<\/strong>\n<ul class=\"msite-nav lexnet-abogacia-nav\">\n<li><a href=\"https:\/\/www.xolido.com\/lang\/xolidosign\/xolidosigndesktop\/\" target=\"_blank\">XolidoSign: programa de firma de documentos en formato pdf<\/a><\/li>\n<li><a href=\"https:\/\/www.icasantiago.org\/wp-content\/uploads\/2015\/12\/manual_xolidosign.pdf\" target=\"_blank\">XolidoSign: Manual firma de documentos en pdf<\/a><\/li>\n<li><a href=\"https:\/\/www.icasantiago.org\/wp-content\/uploads\/2015\/12\/configuracion_java.pdf\" target=\"_blank\">Configuraci\u00f3n Java<\/a><\/li>\n<\/ul>\n<\/li>\n<\/ul>\n","protected":false},"excerpt":{"rendered":"<p>&#8230;<\/p>\n","protected":false},"author":1420,"featured_media":0,"parent":4838,"menu_order":0,"comment_status":"open","ping_status":"open","template":"page_sidebar.php","meta":{"_acf_changed":false,"footnotes":""},"class_list":["post-6082","page","type-page","status-publish","hentry"],"acf":[],"aioseo_notices":[],"_links":{"self":[{"href":"https:\/\/www.icasantiago.org\/es\/wp-json\/wp\/v2\/pages\/6082","targetHints":{"allow":["GET"]}}],"collection":[{"href":"https:\/\/www.icasantiago.org\/es\/wp-json\/wp\/v2\/pages"}],"about":[{"href":"https:\/\/www.icasantiago.org\/es\/wp-json\/wp\/v2\/types\/page"}],"author":[{"embeddable":true,"href":"https:\/\/www.icasantiago.org\/es\/wp-json\/wp\/v2\/users\/1420"}],"replies":[{"embeddable":true,"href":"https:\/\/www.icasantiago.org\/es\/wp-json\/wp\/v2\/comments?post=6082"}],"version-history":[{"count":38,"href":"https:\/\/www.icasantiago.org\/es\/wp-json\/wp\/v2\/pages\/6082\/revisions"}],"predecessor-version":[{"id":10981,"href":"https:\/\/www.icasantiago.org\/es\/wp-json\/wp\/v2\/pages\/6082\/revisions\/10981"}],"up":[{"embeddable":true,"href":"https:\/\/www.icasantiago.org\/es\/wp-json\/wp\/v2\/pages\/4838"}],"wp:attachment":[{"href":"https:\/\/www.icasantiago.org\/es\/wp-json\/wp\/v2\/media?parent=6082"}],"curies":[{"name":"wp","href":"https:\/\/api.w.org\/{rel}","templated":true}]}}